{"id":43,"date":"2020-05-29T16:05:54","date_gmt":"2020-05-29T14:05:54","guid":{"rendered":"http:\/\/localhost\/kanana-yoga\/?page_id=43"},"modified":"2026-02-16T19:26:53","modified_gmt":"2026-02-16T18:26:53","slug":"kanana","status":"publish","type":"page","link":"https:\/\/www.kanana-yoga.de\/?page_id=43","title":{"rendered":"Herzlich Willkommen"},"content":{"rendered":"<div id=\"pl-43\"  class=\"panel-layout\" ><div id=\"pg-43-0\"  class=\"panel-grid panel-no-style\" ><div id=\"pgc-43-0-0\"  class=\"panel-grid-cell\" ><div id=\"panel-43-0-0-0\" class=\"so-panel widget widget_text panel-first-child panel-last-child\" data-index=\"0\" >\t\t\t<div class=\"textwidget\"><p>Sch\u00f6n, dass Du da bist! Ich lade Dich ein, auf der Yogamatte zur Ruhe zu kommen, Deinen K\u00f6rper bewusst zu sp\u00fcren und Deinen Geist sanft zu beruhigen \u2013 ganz ohne Leistungsdruck.<\/p>\n<p>Yoga, Bewegung und die Natur sind die Pfeiler, die meinem Leben Balance und Erf\u00fcllung schenken. Diese Verbundenheit m\u00f6chte ich mit dir teilen und dir R\u00e4ume erschaffen, in denen du zur Ruhe kommen, Kraft sch\u00f6pfen und dich wieder mit dir selbst verbinden kannst.<br \/>\nAls deine Begleiterin stehe ich f\u00fcr bewusste Bewegung, Achtsamkeit und die heilende Wirkung der Natur.<\/p>\n<p><strong>Hatha-\u00a0 &amp; Yinkurs:<\/strong> Egal ob Du Anf\u00e4nger bist oder deine Praxis vertiefen m\u00f6chtest \u2013 meine Kurse sind so konzipiert, dass du dich wohlf\u00fchlst und individuell gef\u00f6rdert wirst. Die Kurse sind ZPP-zertifiziert, d. h. deine Krankenkasse kann nach Vorlage der geforderten Voraussetzungen einen Gro\u00dfteil der Kosten \u00fcbernehmen. F\u00fcr AOK-PLUS Mitglieder besteht die M\u00f6glichkeit, einen Gesundheitsgutschein einzureichen.<\/p>\n<p><strong>Sanftes Yoga \/ Yoga zur Unterst\u00fctzung bei Krebserkrankungen:<\/strong> Wissenschaftliche Studien und die Erfahrung vieler Betroffener zeigen, dass Bewegung \u2013 insbesondere auch Yoga \u2013 w\u00e4hrend und nach einer Krebstherapie vielf\u00e4ltige positive Wirkungen haben kann. Mit meiner Yogaerfahrung und einer fundamentierten Yoga und Krebs Zusatzqualifikation begleite ich dich dabei, k\u00f6rperliche und mentale Kr\u00e4ftigung zu finden.<\/p>\n<p>Die genauen Termine und Kursdetails erf\u00e4hrst Du unter den jeweiligen Angeboten.<\/p>\n<p>Ich freue mich darauf, dich kennenzulernen und dich auf deinem Yogaweg begleiten zu d\u00fcrfen.<\/p>\n<p>Herzliche Gr\u00fc\u00dfe<br \/>\nJacqueline Barthel<\/p>\n<\/div>\n\t\t<\/div><\/div><\/div><div id=\"pg-43-1\"  class=\"panel-grid panel-has-style\" ><div id=\"kanana\" class=\"panel-row-style panel-row-style-for-43-1\" ><div id=\"pgc-43-1-0\"  class=\"panel-grid-cell panel-grid-cell-empty\" ><\/div><\/div><\/div><div id=\"pg-43-2\"  class=\"panel-grid panel-no-style\" ><div id=\"pgc-43-2-0\"  class=\"panel-grid-cell panel-grid-cell-empty\" ><\/div><\/div><div id=\"pg-43-3\"  class=\"panel-grid panel-has-style\" ><div id=\"deals\" class=\"panel-row-style panel-row-style-for-43-3\" ><div id=\"pgc-43-3-0\"  class=\"panel-grid-cell panel-grid-cell-empty\" ><\/div><\/div><\/div><div id=\"pg-43-4\"  class=\"panel-grid panel-has-style\" ><div id=\"about\" class=\"panel-row-style panel-row-style-for-43-4\" ><div id=\"pgc-43-4-0\"  class=\"panel-grid-cell panel-grid-cell-empty\" ><\/div><\/div><\/div><div id=\"pg-43-5\"  class=\"panel-grid panel-no-style\" ><div id=\"pgc-43-5-0\"  class=\"panel-grid-cell panel-grid-cell-empty\" ><\/div><\/div><div id=\"pg-43-6\"  class=\"panel-grid panel-has-style\" ><div class=\"panel-row-style panel-row-style-for-43-6\" ><div id=\"pgc-43-6-0\"  class=\"panel-grid-cell panel-grid-cell-empty\" ><\/div><\/div><\/div><div id=\"pg-43-7\"  class=\"panel-grid panel-has-style\" ><div id=\"contact\" class=\"panel-row-style panel-row-style-for-43-7\" ><div id=\"pgc-43-7-0\"  class=\"panel-grid-cell panel-grid-cell-empty\" ><\/div><\/div><\/div><div id=\"pg-43-8\"  class=\"panel-grid panel-no-style\" ><div id=\"pgc-43-8-0\"  class=\"panel-grid-cell\" ><div id=\"panel-43-8-0-0\" class=\"so-panel widget panel-first-child panel-last-child\" data-index=\"1\" ><div class=\"panel-widget-style panel-widget-style-for-43-8-0-0\" ><\/div><\/div><\/div><div id=\"pgc-43-8-1\"  class=\"panel-grid-cell\" ><div id=\"panel-43-8-1-0\" class=\"so-panel widget panel-first-child panel-last-child\" data-index=\"2\" ><\/div><\/div><\/div><div id=\"pg-43-9\"  class=\"panel-grid panel-no-style\" ><div id=\"pgc-43-9-0\"  class=\"panel-grid-cell\" ><div id=\"panel-43-9-0-0\" class=\"so-panel widget panel-first-child panel-last-child\" data-index=\"3\" ><\/div><\/div><\/div><div id=\"pg-43-10\"  class=\"panel-grid panel-has-style\" ><div class=\"panel-row-style panel-row-style-for-43-10\" ><div id=\"pgc-43-10-0\"  class=\"panel-grid-cell\" ><div id=\"panel-43-10-0-0\" class=\"so-panel widget panel-first-child panel-last-child\" data-index=\"4\" ><\/div><\/div><\/div><\/div><div id=\"pg-43-11\"  class=\"panel-grid panel-has-style\" ><div class=\"siteorigin-panels-stretch panel-row-style panel-row-style-for-43-11\" data-stretch-type=\"full-width-stretch\" ><div id=\"pgc-43-11-0\"  class=\"panel-grid-cell\" ><div id=\"panel-43-11-0-0\" class=\"so-panel widget panel-first-child panel-last-child\" data-index=\"5\" ><\/div><\/div><\/div><\/div><div id=\"pg-43-12\"  class=\"panel-grid panel-no-style\" ><div id=\"pgc-43-12-0\"  class=\"panel-grid-cell\" ><div id=\"panel-43-12-0-0\" class=\"so-panel widget panel-first-child\" data-index=\"6\" ><\/div><div id=\"panel-43-12-0-1\" class=\"so-panel widget panel-last-child\" data-index=\"7\" ><\/div><\/div><\/div><div id=\"pg-43-13\"  class=\"panel-grid panel-has-style\" ><div class=\"siteorigin-panels-stretch panel-row-style panel-row-style-for-43-13\" data-stretch-type=\"full-width-stretch\" ><div id=\"pgc-43-13-0\"  class=\"panel-grid-cell\" ><div id=\"panel-43-13-0-0\" class=\"so-panel widget panel-first-child panel-last-child\" data-index=\"8\" ><\/div><\/div><\/div><\/div><div id=\"pg-43-14\"  class=\"panel-grid panel-no-style\" ><div id=\"pgc-43-14-0\"  class=\"panel-grid-cell\" ><div id=\"panel-43-14-0-0\" class=\"so-panel widget panel-first-child panel-last-child\" data-index=\"9\" ><\/div><\/div><div id=\"pgc-43-14-1\"  class=\"panel-grid-cell\" ><div id=\"panel-43-14-1-0\" class=\"so-panel widget panel-first-child\" data-index=\"10\" ><\/div><div id=\"panel-43-14-1-1\" class=\"so-panel widget panel-last-child\" data-index=\"11\" ><\/div><\/div><div id=\"pgc-43-14-2\"  class=\"panel-grid-cell\" ><div id=\"panel-43-14-2-0\" class=\"so-panel widget panel-first-child panel-last-child\" data-index=\"12\" ><\/div><\/div><\/div><\/div>","protected":false},"excerpt":{"rendered":"<p>Sch\u00f6n, dass Du da bist! Ich lade Dich ein, auf der Yogamatte zur Ruhe zu kommen, Deinen K\u00f6rper bewusst zu sp\u00fcren und Deinen Geist sanft zu beruhigen \u2013 ganz ohne Leistungsdruck. Yoga, Bewegung und die Natur sind die Pfeiler, die meinem Leben Balance und Erf\u00fcllung schenken. Diese Verbundenheit m\u00f6chte ich mit dir teilen und dir&hellip; <a class=\"more-link\" href=\"https:\/\/www.kanana-yoga.de\/?page_id=43\"><span class=\"screen-reader-text\">Herzlich Willkommen<\/span> weiterlesen<\/a><\/p>\n","protected":false},"author":2,"featured_media":35,"parent":0,"menu_order":0,"comment_status":"closed","ping_status":"closed","template":"","meta":{"_coblocks_attr":"","_coblocks_dimensions":"","_coblocks_responsive_height":"","_coblocks_accordion_ie_support":"","footnotes":""},"class_list":["post-43","page","type-page","status-publish","has-post-thumbnail","hentry","entry"],"aioseo_notices":[],"_links":{"self":[{"href":"https:\/\/www.kanana-yoga.de\/index.php?rest_route=\/wp\/v2\/pages\/43","targetHints":{"allow":["GET"]}}],"collection":[{"href":"https:\/\/www.kanana-yoga.de\/index.php?rest_route=\/wp\/v2\/pages"}],"about":[{"href":"https:\/\/www.kanana-yoga.de\/index.php?rest_route=\/wp\/v2\/types\/page"}],"author":[{"embeddable":true,"href":"https:\/\/www.kanana-yoga.de\/index.php?rest_route=\/wp\/v2\/users\/2"}],"replies":[{"embeddable":true,"href":"https:\/\/www.kanana-yoga.de\/index.php?rest_route=%2Fwp%2Fv2%2Fcomments&post=43"}],"version-history":[{"count":74,"href":"https:\/\/www.kanana-yoga.de\/index.php?rest_route=\/wp\/v2\/pages\/43\/revisions"}],"predecessor-version":[{"id":823,"href":"https:\/\/www.kanana-yoga.de\/index.php?rest_route=\/wp\/v2\/pages\/43\/revisions\/823"}],"wp:featuredmedia":[{"embeddable":true,"href":"https:\/\/www.kanana-yoga.de\/index.php?rest_route=\/wp\/v2\/media\/35"}],"wp:attachment":[{"href":"https:\/\/www.kanana-yoga.de\/index.php?rest_route=%2Fwp%2Fv2%2Fmedia&parent=43"}],"curies":[{"name":"wp","href":"https:\/\/api.w.org\/{rel}","templated":true}]}}