{"id":103,"date":"2020-06-03T16:52:09","date_gmt":"2020-06-03T14:52:09","guid":{"rendered":"http:\/\/localhost\/kanana-yoga\/?page_id=103"},"modified":"2026-04-06T15:20:50","modified_gmt":"2026-04-06T13:20:50","slug":"yoga-und-krebs","status":"publish","type":"page","link":"https:\/\/www.kanana-yoga.de\/?page_id=103","title":{"rendered":"Yoga und Krebs"},"content":{"rendered":"\n<p>Die Diagnose Krebs und die damit verbundenen Therapien sind oft mit k\u00f6rperlichen und seelischen Belastungen verbunden. Dieses Angebot ist eine liebevolle Einladung, sich eine bewusste Auszeit zu nehmen. Hier geht es nicht um Leistung oder Perfektion, sondern darum, sich selbst etwas Gutes zu tun und die eigene Mitte zu st\u00e4rken.<br><br><strong>Aktuelles Kursangebot<\/strong>:<br>Yoga und Krebs \u00fcber die Volkshochschule in Freital<br>Kursnummer:\u00a026F30219F <br>Ort: Krankenhaus Freital, Physiotherapie EG<br>Zeitraum: 27.02.2026 &#8211; 08.05.2026<br>Anmeldung: <a href=\"https:\/\/www.vhs-ssoe.de\/p\/gesundheit\/entspannung\/yoga-und-krebs-532-C-26F30219F\">Yoga und Krebs \u2013 VHS S\u00e4chsische Schweiz-Osterzgebirge<\/a><br><br><strong>Save the Date:<\/strong><br>Die neuen Kurse ab Herbst 2026 in Freital \u00fcber die VHS sind bereits in Planung. <br><br>Du m\u00f6chtest lieber in einem gesch\u00fctzten Raum Yoga praktizieren, vielleicht bei Dir zuhause? Frage gern nach einer Einzelstunde. <br>ca. 60 Minuten \/ Preis auf Anfrage (Privatstunden\/Selbstzahler)<br><br>&#8222;Jeder Mensch kann Yoga \u00fcben, solange er atmet&#8220; Sri Patthabi Jois<br><\/p>\n","protected":false},"excerpt":{"rendered":"<p>Die Diagnose Krebs und die damit verbundenen Therapien sind oft mit k\u00f6rperlichen und seelischen Belastungen verbunden. Dieses Angebot ist eine liebevolle Einladung, sich eine bewusste Auszeit zu nehmen. Hier geht es nicht um Leistung oder Perfektion, sondern darum, sich selbst etwas Gutes zu tun und die eigene Mitte zu st\u00e4rken. Aktuelles Kursangebot:Yoga und Krebs \u00fcber &hellip; <\/p>\n<p class=\"link-more\"><a href=\"https:\/\/www.kanana-yoga.de\/?page_id=103\" class=\"more-link\"><span class=\"screen-reader-text\">\u201eYoga und Krebs\u201c <\/span>weiterlesen<\/a><\/p>\n","protected":false},"author":3,"featured_media":0,"parent":0,"menu_order":0,"comment_status":"closed","ping_status":"closed","template":"","meta":{"_coblocks_attr":"","_coblocks_dimensions":"","_coblocks_responsive_height":"","_coblocks_accordion_ie_support":"","footnotes":""},"class_list":["post-103","page","type-page","status-publish","hentry"],"aioseo_notices":[],"_links":{"self":[{"href":"https:\/\/www.kanana-yoga.de\/index.php?rest_route=\/wp\/v2\/pages\/103","targetHints":{"allow":["GET"]}}],"collection":[{"href":"https:\/\/www.kanana-yoga.de\/index.php?rest_route=\/wp\/v2\/pages"}],"about":[{"href":"https:\/\/www.kanana-yoga.de\/index.php?rest_route=\/wp\/v2\/types\/page"}],"author":[{"embeddable":true,"href":"https:\/\/www.kanana-yoga.de\/index.php?rest_route=\/wp\/v2\/users\/3"}],"replies":[{"embeddable":true,"href":"https:\/\/www.kanana-yoga.de\/index.php?rest_route=%2Fwp%2Fv2%2Fcomments&post=103"}],"version-history":[{"count":39,"href":"https:\/\/www.kanana-yoga.de\/index.php?rest_route=\/wp\/v2\/pages\/103\/revisions"}],"predecessor-version":[{"id":828,"href":"https:\/\/www.kanana-yoga.de\/index.php?rest_route=\/wp\/v2\/pages\/103\/revisions\/828"}],"wp:attachment":[{"href":"https:\/\/www.kanana-yoga.de\/index.php?rest_route=%2Fwp%2Fv2%2Fmedia&parent=103"}],"curies":[{"name":"wp","href":"https:\/\/api.w.org\/{rel}","templated":true}]}}